{"id":3380,"date":"2017-10-15T16:39:31","date_gmt":"2017-10-15T14:39:31","guid":{"rendered":"http:\/\/horni-ballonfahrten.ch\/?page_id=3380"},"modified":"2017-10-15T20:44:28","modified_gmt":"2017-10-15T18:44:28","slug":"dr-bunti-herbscht","status":"publish","type":"page","link":"https:\/\/horni-ballonfahrten.ch\/?page_id=3380","title":{"rendered":"Dr bunti Herbscht"},"content":{"rendered":"<p>[map style=&#8220;width: auto; height:400px; margin:20px 0px 20px 0px; border: 1px solid black;&#8220; gpx=&#8220;http:\/\/horni-ballonfahrten.ch\/wp-content\/uploads\/Fahrt 2 vom 14.10.2017.gpx&#8220;]<\/p>\n<p style=\"text-align: justify;\">Erscht grad zrugg vo dr Morgefaart, steen scho gly druff abe die n\u00e4ggschte Passagier vor dr Diire. Mir mache uns uff no Diegte und sin gspannt, ebb mr e bitzeli mee Wind finde als am Morge. In Diegte mache mir uns uff d\u2018Suechi no ne-re gmaite Wiise fir e Start. Mir w\u00e4rde findig in Richtig Helschte, s\u2018isch zwor nit gmait, aber dr Buur het uns d\u2018Erlaubnis g\u00e4\u00e4. Mir beraite unsere Ballon vor, fir dr Start. Das sich aber gar nit so aifach, will sich dr Wind immer widder \u00e4nderet. Wo mir startglar sin, hebe mir zaggig ab, will\u2018s am Bode e bitzeli zieht. Kuum sin mir aber iber dr Grundschicht, mergge mir, ass das ganzi numme thermisch bedingt gsii isch. Es isch braggtisch windstill in dr Hechi. Unter uns n\u00e4mme mir e saum\u00e4ssige Grach woor und frooge uns was das kennti sii. Es Toose wi am Glauselyte in Kissnacht am Rigi odder in dr Altjooreswuche im Haslidaal. Und wirgligg, unter uns lauft e ganzi H\u00e4rde vo Kieh zem Alpabzuug vo B\u00e4mbel. Die laufe aber im Ziggzagg rund im Zyyg umme, ass es scho eeer e Umzug als e Abzug isch. Aber egal, e Alp het\u2018s jo au kaini. Mir faare ganz langsam in Richtig Waldeburg und singge iber eme D\u00e4\u00e4li vor Oberdorf abb. Dr Wind dribt uns iber d\u2019Kante vom Rehhag, wo si flyssig am am Gl\u00e4ttere sin, und d\u2018Baim straale uns in de schenschte Herbschtfarbe aa. Es goot wyters iber e Humbel wo d\u2018Wanderer die letschte Sunnestraale gniesse. Mir entschaide uns im D\u00e4\u00e4li vo Waldeburg no Langebrugg zer \u00c4ndlandig aaz\u2018setze. Mir mien aber nommol e bitzli uffstiige und in d\u2018Daalmitti korrigiere. Rassig singge mir ab und lande uff ere scheene Wiise. D\u2018Birsigratte find im zwaite Aalauf au zu uns und mir pagge dr Ballon z\u00e4mme. Die vier Ballonfrischling erhebe mir mit Champagner in Ballonadelstand, byvoor mir uns uff e Haimw\u00e4\u00e4g mache.<\/p>\n<div id='gallery-1' class='gallery galleryid-3380 gallery-columns-3 gallery-size-thumbnail'><figure class='gallery-item'>\n\t\t\t<div class='gallery-icon landscape'>\n\t\t\t\t<a href=\"https:\/\/horni-ballonfahrten.ch\/wp-content\/uploads\/2017\/10\/IMG_5275.jpg\" title=\"IMG_5275\" data-description=\"\"><img loading=\"lazy\" decoding=\"async\" width=\"150\" height=\"150\" src=\"https:\/\/horni-ballonfahrten.ch\/wp-content\/uploads\/2017\/10\/IMG_5275-150x150.jpg\" class=\"attachment-thumbnail size-thumbnail\" alt=\"\" srcset=\"https:\/\/horni-ballonfahrten.ch\/wp-content\/uploads\/2017\/10\/IMG_5275-150x150.jpg 150w, https:\/\/horni-ballonfahrten.ch\/wp-content\/uploads\/2017\/10\/IMG_5275-144x144.jpg 144w\" sizes=\"auto, (max-width: 150px) 100vw, 150px\"><\/a>\n\t\t\t<\/div><\/figure><figure class='gallery-item'>\n\t\t\t<div class='gallery-icon landscape'>\n\t\t\t\t<a href=\"https:\/\/horni-ballonfahrten.ch\/wp-content\/uploads\/2017\/10\/IMG_5276.jpg\" title=\"IMG_5276\" data-description=\"\"><img loading=\"lazy\" decoding=\"async\" width=\"150\" height=\"150\" src=\"https:\/\/horni-ballonfahrten.ch\/wp-content\/uploads\/2017\/10\/IMG_5276-150x150.jpg\" class=\"attachment-thumbnail size-thumbnail\" alt=\"\" srcset=\"https:\/\/horni-ballonfahrten.ch\/wp-content\/uploads\/2017\/10\/IMG_5276-150x150.jpg 150w, https:\/\/horni-ballonfahrten.ch\/wp-content\/uploads\/2017\/10\/IMG_5276-144x144.jpg 144w\" sizes=\"auto, (max-width: 150px) 100vw, 150px\"><\/a>\n\t\t\t<\/div><\/figure><figure class='gallery-item'>\n\t\t\t<div class='gallery-icon landscape'>\n\t\t\t\t<a href=\"https:\/\/horni-ballonfahrten.ch\/wp-content\/uploads\/2017\/10\/IMG_5277.jpg\" title=\"IMG_5277\" data-description=\"\"><img loading=\"lazy\" decoding=\"async\" width=\"150\" height=\"150\" src=\"https:\/\/horni-ballonfahrten.ch\/wp-content\/uploads\/2017\/10\/IMG_5277-150x150.jpg\" class=\"attachment-thumbnail size-thumbnail\" alt=\"\" srcset=\"https:\/\/horni-ballonfahrten.ch\/wp-content\/uploads\/2017\/10\/IMG_5277-150x150.jpg 150w, https:\/\/horni-ballonfahrten.ch\/wp-content\/uploads\/2017\/10\/IMG_5277-144x144.jpg 144w\" sizes=\"auto, (max-width: 150px) 100vw, 150px\"><\/a>\n\t\t\t<\/div><\/figure><figure class='gallery-item'>\n\t\t\t<div class='gallery-icon landscape'>\n\t\t\t\t<a href=\"https:\/\/horni-ballonfahrten.ch\/wp-content\/uploads\/2017\/10\/IMG_5278.jpg\" title=\"IMG_5278\" data-description=\"\"><img loading=\"lazy\" decoding=\"async\" width=\"150\" height=\"150\" src=\"https:\/\/horni-ballonfahrten.ch\/wp-content\/uploads\/2017\/10\/IMG_5278-150x150.jpg\" class=\"attachment-thumbnail size-thumbnail\" alt=\"\" srcset=\"https:\/\/horni-ballonfahrten.ch\/wp-content\/uploads\/2017\/10\/IMG_5278-150x150.jpg 150w, https:\/\/horni-ballonfahrten.ch\/wp-content\/uploads\/2017\/10\/IMG_5278-144x144.jpg 144w\" sizes=\"auto, (max-width: 150px) 100vw, 150px\"><\/a>\n\t\t\t<\/div><\/figure><figure class='gallery-item'>\n\t\t\t<div class='gallery-icon landscape'>\n\t\t\t\t<a href=\"https:\/\/horni-ballonfahrten.ch\/wp-content\/uploads\/2017\/10\/IMG_5279.jpg\" title=\"IMG_5279\" data-description=\"\"><img loading=\"lazy\" decoding=\"async\" width=\"150\" height=\"150\" src=\"https:\/\/horni-ballonfahrten.ch\/wp-content\/uploads\/2017\/10\/IMG_5279-150x150.jpg\" class=\"attachment-thumbnail size-thumbnail\" alt=\"\" srcset=\"https:\/\/horni-ballonfahrten.ch\/wp-content\/uploads\/2017\/10\/IMG_5279-150x150.jpg 150w, https:\/\/horni-ballonfahrten.ch\/wp-content\/uploads\/2017\/10\/IMG_5279-144x144.jpg 144w\" sizes=\"auto, (max-width: 150px) 100vw, 150px\"><\/a>\n\t\t\t<\/div><\/figure><figure class='gallery-item'>\n\t\t\t<div class='gallery-icon landscape'>\n\t\t\t\t<a href=\"https:\/\/horni-ballonfahrten.ch\/wp-content\/uploads\/2017\/10\/IMG_5282.jpg\" title=\"IMG_5282\" data-description=\"\"><img loading=\"lazy\" decoding=\"async\" width=\"150\" height=\"150\" src=\"https:\/\/horni-ballonfahrten.ch\/wp-content\/uploads\/2017\/10\/IMG_5282-150x150.jpg\" class=\"attachment-thumbnail size-thumbnail\" alt=\"\" srcset=\"https:\/\/horni-ballonfahrten.ch\/wp-content\/uploads\/2017\/10\/IMG_5282-150x150.jpg 150w, https:\/\/horni-ballonfahrten.ch\/wp-content\/uploads\/2017\/10\/IMG_5282-144x144.jpg 144w\" sizes=\"auto, (max-width: 150px) 100vw, 150px\"><\/a>\n\t\t\t<\/div><\/figure><figure class='gallery-item'>\n\t\t\t<div class='gallery-icon landscape'>\n\t\t\t\t<a href=\"https:\/\/horni-ballonfahrten.ch\/wp-content\/uploads\/2017\/10\/IMG_5281.jpg\" title=\"IMG_5281\" data-description=\"\"><img loading=\"lazy\" decoding=\"async\" width=\"150\" height=\"150\" src=\"https:\/\/horni-ballonfahrten.ch\/wp-content\/uploads\/2017\/10\/IMG_5281-150x150.jpg\" class=\"attachment-thumbnail size-thumbnail\" alt=\"\" srcset=\"https:\/\/horni-ballonfahrten.ch\/wp-content\/uploads\/2017\/10\/IMG_5281-150x150.jpg 150w, https:\/\/horni-ballonfahrten.ch\/wp-content\/uploads\/2017\/10\/IMG_5281-144x144.jpg 144w\" sizes=\"auto, (max-width: 150px) 100vw, 150px\"><\/a>\n\t\t\t<\/div><\/figure><figure class='gallery-item'>\n\t\t\t<div class='gallery-icon landscape'>\n\t\t\t\t<a href=\"https:\/\/horni-ballonfahrten.ch\/wp-content\/uploads\/2017\/10\/IMG_5280.jpg\" title=\"IMG_5280\" data-description=\"\"><img loading=\"lazy\" decoding=\"async\" width=\"150\" height=\"150\" src=\"https:\/\/horni-ballonfahrten.ch\/wp-content\/uploads\/2017\/10\/IMG_5280-150x150.jpg\" class=\"attachment-thumbnail size-thumbnail\" alt=\"\" srcset=\"https:\/\/horni-ballonfahrten.ch\/wp-content\/uploads\/2017\/10\/IMG_5280-150x150.jpg 150w, https:\/\/horni-ballonfahrten.ch\/wp-content\/uploads\/2017\/10\/IMG_5280-144x144.jpg 144w\" sizes=\"auto, (max-width: 150px) 100vw, 150px\"><\/a>\n\t\t\t<\/div><\/figure><figure class='gallery-item'>\n\t\t\t<div class='gallery-icon landscape'>\n\t\t\t\t<a href=\"https:\/\/horni-ballonfahrten.ch\/wp-content\/uploads\/2017\/10\/IMG_5284.jpg\" title=\"IMG_5284\" data-description=\"\"><img loading=\"lazy\" decoding=\"async\" width=\"150\" height=\"150\" src=\"https:\/\/horni-ballonfahrten.ch\/wp-content\/uploads\/2017\/10\/IMG_5284-150x150.jpg\" class=\"attachment-thumbnail size-thumbnail\" alt=\"\" srcset=\"https:\/\/horni-ballonfahrten.ch\/wp-content\/uploads\/2017\/10\/IMG_5284-150x150.jpg 150w, https:\/\/horni-ballonfahrten.ch\/wp-content\/uploads\/2017\/10\/IMG_5284-144x144.jpg 144w\" sizes=\"auto, (max-width: 150px) 100vw, 150px\"><\/a>\n\t\t\t<\/div><\/figure><figure class='gallery-item'>\n\t\t\t<div class='gallery-icon landscape'>\n\t\t\t\t<a href=\"https:\/\/horni-ballonfahrten.ch\/wp-content\/uploads\/2017\/10\/IMG_5288.jpg\" title=\"IMG_5288\" data-description=\"\"><img loading=\"lazy\" decoding=\"async\" width=\"150\" height=\"150\" src=\"https:\/\/horni-ballonfahrten.ch\/wp-content\/uploads\/2017\/10\/IMG_5288-150x150.jpg\" class=\"attachment-thumbnail size-thumbnail\" alt=\"\" srcset=\"https:\/\/horni-ballonfahrten.ch\/wp-content\/uploads\/2017\/10\/IMG_5288-150x150.jpg 150w, https:\/\/horni-ballonfahrten.ch\/wp-content\/uploads\/2017\/10\/IMG_5288-144x144.jpg 144w\" sizes=\"auto, (max-width: 150px) 100vw, 150px\"><\/a>\n\t\t\t<\/div><\/figure><figure class='gallery-item'>\n\t\t\t<div class='gallery-icon landscape'>\n\t\t\t\t<a href=\"https:\/\/horni-ballonfahrten.ch\/wp-content\/uploads\/2017\/10\/IMG_5286.jpg\" title=\"IMG_5286\" data-description=\"\"><img loading=\"lazy\" decoding=\"async\" width=\"150\" height=\"150\" src=\"https:\/\/horni-ballonfahrten.ch\/wp-content\/uploads\/2017\/10\/IMG_5286-150x150.jpg\" class=\"attachment-thumbnail size-thumbnail\" alt=\"\" srcset=\"https:\/\/horni-ballonfahrten.ch\/wp-content\/uploads\/2017\/10\/IMG_5286-150x150.jpg 150w, https:\/\/horni-ballonfahrten.ch\/wp-content\/uploads\/2017\/10\/IMG_5286-144x144.jpg 144w\" sizes=\"auto, (max-width: 150px) 100vw, 150px\"><\/a>\n\t\t\t<\/div><\/figure><figure class='gallery-item'>\n\t\t\t<div class='gallery-icon landscape'>\n\t\t\t\t<a href=\"https:\/\/horni-ballonfahrten.ch\/wp-content\/uploads\/2017\/10\/IMG_5283.jpg\" title=\"IMG_5283\" data-description=\"\"><img loading=\"lazy\" decoding=\"async\" width=\"150\" height=\"150\" src=\"https:\/\/horni-ballonfahrten.ch\/wp-content\/uploads\/2017\/10\/IMG_5283-150x150.jpg\" class=\"attachment-thumbnail size-thumbnail\" alt=\"\" srcset=\"https:\/\/horni-ballonfahrten.ch\/wp-content\/uploads\/2017\/10\/IMG_5283-150x150.jpg 150w, https:\/\/horni-ballonfahrten.ch\/wp-content\/uploads\/2017\/10\/IMG_5283-144x144.jpg 144w\" sizes=\"auto, (max-width: 150px) 100vw, 150px\"><\/a>\n\t\t\t<\/div><\/figure><figure class='gallery-item'>\n\t\t\t<div class='gallery-icon landscape'>\n\t\t\t\t<a href=\"https:\/\/horni-ballonfahrten.ch\/wp-content\/uploads\/2017\/10\/IMG_5287.jpg\" title=\"IMG_5287\" data-description=\"\"><img loading=\"lazy\" decoding=\"async\" width=\"150\" height=\"150\" src=\"https:\/\/horni-ballonfahrten.ch\/wp-content\/uploads\/2017\/10\/IMG_5287-150x150.jpg\" class=\"attachment-thumbnail size-thumbnail\" alt=\"\" srcset=\"https:\/\/horni-ballonfahrten.ch\/wp-content\/uploads\/2017\/10\/IMG_5287-150x150.jpg 150w, https:\/\/horni-ballonfahrten.ch\/wp-content\/uploads\/2017\/10\/IMG_5287-144x144.jpg 144w\" sizes=\"auto, (max-width: 150px) 100vw, 150px\"><\/a>\n\t\t\t<\/div><\/figure><figure class='gallery-item'>\n\t\t\t<div class='gallery-icon landscape'>\n\t\t\t\t<a href=\"https:\/\/horni-ballonfahrten.ch\/wp-content\/uploads\/2017\/10\/IMG_5289.jpg\" title=\"IMG_5289\" data-description=\"\"><img loading=\"lazy\" decoding=\"async\" width=\"150\" height=\"150\" src=\"https:\/\/horni-ballonfahrten.ch\/wp-content\/uploads\/2017\/10\/IMG_5289-150x150.jpg\" class=\"attachment-thumbnail size-thumbnail\" alt=\"\" srcset=\"https:\/\/horni-ballonfahrten.ch\/wp-content\/uploads\/2017\/10\/IMG_5289-150x150.jpg 150w, https:\/\/horni-ballonfahrten.ch\/wp-content\/uploads\/2017\/10\/IMG_5289-144x144.jpg 144w\" sizes=\"auto, (max-width: 150px) 100vw, 150px\"><\/a>\n\t\t\t<\/div><\/figure><figure class='gallery-item'>\n\t\t\t<div class='gallery-icon landscape'>\n\t\t\t\t<a href=\"https:\/\/horni-ballonfahrten.ch\/wp-content\/uploads\/2017\/10\/IMG_5290.jpg\" title=\"IMG_5290\" data-description=\"\"><img loading=\"lazy\" decoding=\"async\" width=\"150\" height=\"150\" src=\"https:\/\/horni-ballonfahrten.ch\/wp-content\/uploads\/2017\/10\/IMG_5290-150x150.jpg\" class=\"attachment-thumbnail size-thumbnail\" alt=\"\" srcset=\"https:\/\/horni-ballonfahrten.ch\/wp-content\/uploads\/2017\/10\/IMG_5290-150x150.jpg 150w, https:\/\/horni-ballonfahrten.ch\/wp-content\/uploads\/2017\/10\/IMG_5290-144x144.jpg 144w\" sizes=\"auto, (max-width: 150px) 100vw, 150px\"><\/a>\n\t\t\t<\/div><\/figure><figure class='gallery-item'>\n\t\t\t<div class='gallery-icon landscape'>\n\t\t\t\t<a href=\"https:\/\/horni-ballonfahrten.ch\/wp-content\/uploads\/2017\/10\/IMG_5291.jpg\" title=\"IMG_5291\" data-description=\"\"><img loading=\"lazy\" decoding=\"async\" width=\"150\" height=\"150\" src=\"https:\/\/horni-ballonfahrten.ch\/wp-content\/uploads\/2017\/10\/IMG_5291-150x150.jpg\" class=\"attachment-thumbnail size-thumbnail\" alt=\"\" srcset=\"https:\/\/horni-ballonfahrten.ch\/wp-content\/uploads\/2017\/10\/IMG_5291-150x150.jpg 150w, https:\/\/horni-ballonfahrten.ch\/wp-content\/uploads\/2017\/10\/IMG_5291-144x144.jpg 144w\" sizes=\"auto, (max-width: 150px) 100vw, 150px\"><\/a>\n\t\t\t<\/div><\/figure><figure class='gallery-item'>\n\t\t\t<div class='gallery-icon landscape'>\n\t\t\t\t<a href=\"https:\/\/horni-ballonfahrten.ch\/wp-content\/uploads\/2017\/10\/IMG_5285.jpg\" title=\"IMG_5285\" data-description=\"\"><img loading=\"lazy\" decoding=\"async\" width=\"150\" height=\"150\" src=\"https:\/\/horni-ballonfahrten.ch\/wp-content\/uploads\/2017\/10\/IMG_5285-150x150.jpg\" class=\"attachment-thumbnail size-thumbnail\" alt=\"\" srcset=\"https:\/\/horni-ballonfahrten.ch\/wp-content\/uploads\/2017\/10\/IMG_5285-150x150.jpg 150w, https:\/\/horni-ballonfahrten.ch\/wp-content\/uploads\/2017\/10\/IMG_5285-144x144.jpg 144w\" sizes=\"auto, (max-width: 150px) 100vw, 150px\"><\/a>\n\t\t\t<\/div><\/figure>\n\t\t<\/div>\n\n","protected":false},"excerpt":{"rendered":"<p>[map style=&#8220;width: auto; height:400px; margin:20px 0px 20px 0px; border: 1px solid black;&#8220; gpx=&#8220;http:\/\/horni-ballonfahrten.ch\/wp-content\/uploads\/Fahrt 2 vom 14.10.2017.gpx&#8220;] Erscht grad zrugg vo dr Morgefaart, steen scho gly druff abe die n\u00e4ggschte Passagier vor dr Diire. Mir mache uns uff no Diegte und sin gspannt, ebb mr e bitzeli mee Wind finde als am Morge. In Diegte mache &hellip; <a href=\"https:\/\/horni-ballonfahrten.ch\/?page_id=3380\" class=\"more-link\"><span class=\"screen-reader-text\">Dr bunti Herbscht<\/span> weiterlesen <span class=\"meta-nav\">&rarr;<\/span><\/a><\/p>\n","protected":false},"author":1,"featured_media":3478,"parent":0,"menu_order":0,"comment_status":"closed","ping_status":"closed","template":"","meta":{"footnotes":""},"class_list":["post-3380","page","type-page","status-publish","has-post-thumbnail","hentry","gallery-content-unit"],"yoast_head":"<!-- This site is optimized with the Yoast SEO plugin v25.8 - https:\/\/yoast.com\/wordpress\/plugins\/seo\/ -->\n<title>Dr bunti Herbscht - Horni Ballonfahrten GmbH<\/title>\n<meta name=\"robots\" content=\"index, follow, max-snippet:-1, max-image-preview:large, max-video-preview:-1\" \/>\n<link rel=\"canonical\" href=\"https:\/\/horni-ballonfahrten.ch\/?page_id=3380\" \/>\n<meta property=\"og:locale\" content=\"de_DE\" \/>\n<meta property=\"og:type\" content=\"article\" \/>\n<meta property=\"og:title\" content=\"Dr bunti Herbscht - Horni Ballonfahrten GmbH\" \/>\n<meta property=\"og:description\" content=\"[map style=&#8220;width: auto; height:400px; margin:20px 0px 20px 0px; border: 1px solid black;&#8220; gpx=&#8220;http:\/\/horni-ballonfahrten.ch\/wp-content\/uploads\/Fahrt 2 vom 14.10.2017.gpx&#8220;] Erscht grad zrugg vo dr Morgefaart, steen scho gly druff abe die n\u00e4ggschte Passagier vor dr Diire. Mir mache uns uff no Diegte und sin gspannt, ebb mr e bitzeli mee Wind finde als am Morge. In Diegte mache &hellip; Dr bunti Herbscht weiterlesen &rarr;\" \/>\n<meta property=\"og:url\" content=\"https:\/\/horni-ballonfahrten.ch\/?page_id=3380\" \/>\n<meta property=\"og:site_name\" content=\"Horni Ballonfahrten GmbH\" \/>\n<meta property=\"article:modified_time\" content=\"2017-10-15T18:44:28+00:00\" \/>\n<meta property=\"og:image\" content=\"https:\/\/horni-ballonfahrten.ch\/wp-content\/uploads\/2017\/10\/IMG_5277.jpg\" \/>\n\t<meta property=\"og:image:width\" content=\"1024\" \/>\n\t<meta property=\"og:image:height\" content=\"768\" \/>\n\t<meta property=\"og:image:type\" content=\"image\/jpeg\" \/>\n<meta name=\"twitter:card\" content=\"summary_large_image\" \/>\n<meta name=\"twitter:label1\" content=\"Gesch\u00e4tzte Lesezeit\" \/>\n\t<meta name=\"twitter:data1\" content=\"2\u00a0Minuten\" \/>\n<script type=\"application\/ld+json\" class=\"yoast-schema-graph\">{\"@context\":\"https:\/\/schema.org\",\"@graph\":[{\"@type\":\"WebPage\",\"@id\":\"https:\/\/horni-ballonfahrten.ch\/?page_id=3380\",\"url\":\"https:\/\/horni-ballonfahrten.ch\/?page_id=3380\",\"name\":\"Dr bunti Herbscht - Horni Ballonfahrten GmbH\",\"isPartOf\":{\"@id\":\"https:\/\/horni-ballonfahrten.ch\/#website\"},\"primaryImageOfPage\":{\"@id\":\"https:\/\/horni-ballonfahrten.ch\/?page_id=3380#primaryimage\"},\"image\":{\"@id\":\"https:\/\/horni-ballonfahrten.ch\/?page_id=3380#primaryimage\"},\"thumbnailUrl\":\"https:\/\/horni-ballonfahrten.ch\/wp-content\/uploads\/2017\/10\/IMG_5277.jpg\",\"datePublished\":\"2017-10-15T14:39:31+00:00\",\"dateModified\":\"2017-10-15T18:44:28+00:00\",\"breadcrumb\":{\"@id\":\"https:\/\/horni-ballonfahrten.ch\/?page_id=3380#breadcrumb\"},\"inLanguage\":\"de\",\"potentialAction\":[{\"@type\":\"ReadAction\",\"target\":[\"https:\/\/horni-ballonfahrten.ch\/?page_id=3380\"]}]},{\"@type\":\"ImageObject\",\"inLanguage\":\"de\",\"@id\":\"https:\/\/horni-ballonfahrten.ch\/?page_id=3380#primaryimage\",\"url\":\"https:\/\/horni-ballonfahrten.ch\/wp-content\/uploads\/2017\/10\/IMG_5277.jpg\",\"contentUrl\":\"https:\/\/horni-ballonfahrten.ch\/wp-content\/uploads\/2017\/10\/IMG_5277.jpg\",\"width\":1024,\"height\":768},{\"@type\":\"BreadcrumbList\",\"@id\":\"https:\/\/horni-ballonfahrten.ch\/?page_id=3380#breadcrumb\",\"itemListElement\":[{\"@type\":\"ListItem\",\"position\":1,\"name\":\"Startseite\",\"item\":\"https:\/\/horni-ballonfahrten.ch\/\"},{\"@type\":\"ListItem\",\"position\":2,\"name\":\"Dr bunti Herbscht\"}]},{\"@type\":\"WebSite\",\"@id\":\"https:\/\/horni-ballonfahrten.ch\/#website\",\"url\":\"https:\/\/horni-ballonfahrten.ch\/\",\"name\":\"Horni Ballonfahrten GmbH\",\"description\":\"\",\"potentialAction\":[{\"@type\":\"SearchAction\",\"target\":{\"@type\":\"EntryPoint\",\"urlTemplate\":\"https:\/\/horni-ballonfahrten.ch\/?s={search_term_string}\"},\"query-input\":{\"@type\":\"PropertyValueSpecification\",\"valueRequired\":true,\"valueName\":\"search_term_string\"}}],\"inLanguage\":\"de\"}]}<\/script>\n<!-- \/ Yoast SEO plugin. -->","yoast_head_json":{"title":"Dr bunti Herbscht - Horni Ballonfahrten GmbH","robots":{"index":"index","follow":"follow","max-snippet":"max-snippet:-1","max-image-preview":"max-image-preview:large","max-video-preview":"max-video-preview:-1"},"canonical":"https:\/\/horni-ballonfahrten.ch\/?page_id=3380","og_locale":"de_DE","og_type":"article","og_title":"Dr bunti Herbscht - Horni Ballonfahrten GmbH","og_description":"[map style=&#8220;width: auto; height:400px; margin:20px 0px 20px 0px; border: 1px solid black;&#8220; gpx=&#8220;http:\/\/horni-ballonfahrten.ch\/wp-content\/uploads\/Fahrt 2 vom 14.10.2017.gpx&#8220;] Erscht grad zrugg vo dr Morgefaart, steen scho gly druff abe die n\u00e4ggschte Passagier vor dr Diire. Mir mache uns uff no Diegte und sin gspannt, ebb mr e bitzeli mee Wind finde als am Morge. In Diegte mache &hellip; Dr bunti Herbscht weiterlesen &rarr;","og_url":"https:\/\/horni-ballonfahrten.ch\/?page_id=3380","og_site_name":"Horni Ballonfahrten GmbH","article_modified_time":"2017-10-15T18:44:28+00:00","og_image":[{"width":1024,"height":768,"url":"https:\/\/horni-ballonfahrten.ch\/wp-content\/uploads\/2017\/10\/IMG_5277.jpg","type":"image\/jpeg"}],"twitter_card":"summary_large_image","twitter_misc":{"Gesch\u00e4tzte Lesezeit":"2\u00a0Minuten"},"schema":{"@context":"https:\/\/schema.org","@graph":[{"@type":"WebPage","@id":"https:\/\/horni-ballonfahrten.ch\/?page_id=3380","url":"https:\/\/horni-ballonfahrten.ch\/?page_id=3380","name":"Dr bunti Herbscht - Horni Ballonfahrten GmbH","isPartOf":{"@id":"https:\/\/horni-ballonfahrten.ch\/#website"},"primaryImageOfPage":{"@id":"https:\/\/horni-ballonfahrten.ch\/?page_id=3380#primaryimage"},"image":{"@id":"https:\/\/horni-ballonfahrten.ch\/?page_id=3380#primaryimage"},"thumbnailUrl":"https:\/\/horni-ballonfahrten.ch\/wp-content\/uploads\/2017\/10\/IMG_5277.jpg","datePublished":"2017-10-15T14:39:31+00:00","dateModified":"2017-10-15T18:44:28+00:00","breadcrumb":{"@id":"https:\/\/horni-ballonfahrten.ch\/?page_id=3380#breadcrumb"},"inLanguage":"de","potentialAction":[{"@type":"ReadAction","target":["https:\/\/horni-ballonfahrten.ch\/?page_id=3380"]}]},{"@type":"ImageObject","inLanguage":"de","@id":"https:\/\/horni-ballonfahrten.ch\/?page_id=3380#primaryimage","url":"https:\/\/horni-ballonfahrten.ch\/wp-content\/uploads\/2017\/10\/IMG_5277.jpg","contentUrl":"https:\/\/horni-ballonfahrten.ch\/wp-content\/uploads\/2017\/10\/IMG_5277.jpg","width":1024,"height":768},{"@type":"BreadcrumbList","@id":"https:\/\/horni-ballonfahrten.ch\/?page_id=3380#breadcrumb","itemListElement":[{"@type":"ListItem","position":1,"name":"Startseite","item":"https:\/\/horni-ballonfahrten.ch\/"},{"@type":"ListItem","position":2,"name":"Dr bunti Herbscht"}]},{"@type":"WebSite","@id":"https:\/\/horni-ballonfahrten.ch\/#website","url":"https:\/\/horni-ballonfahrten.ch\/","name":"Horni Ballonfahrten GmbH","description":"","potentialAction":[{"@type":"SearchAction","target":{"@type":"EntryPoint","urlTemplate":"https:\/\/horni-ballonfahrten.ch\/?s={search_term_string}"},"query-input":{"@type":"PropertyValueSpecification","valueRequired":true,"valueName":"search_term_string"}}],"inLanguage":"de"}]}},"_links":{"self":[{"href":"https:\/\/horni-ballonfahrten.ch\/index.php?rest_route=\/wp\/v2\/pages\/3380","targetHints":{"allow":["GET"]}}],"collection":[{"href":"https:\/\/horni-ballonfahrten.ch\/index.php?rest_route=\/wp\/v2\/pages"}],"about":[{"href":"https:\/\/horni-ballonfahrten.ch\/index.php?rest_route=\/wp\/v2\/types\/page"}],"author":[{"embeddable":true,"href":"https:\/\/horni-ballonfahrten.ch\/index.php?rest_route=\/wp\/v2\/users\/1"}],"replies":[{"embeddable":true,"href":"https:\/\/horni-ballonfahrten.ch\/index.php?rest_route=%2Fwp%2Fv2%2Fcomments&post=3380"}],"version-history":[{"count":6,"href":"https:\/\/horni-ballonfahrten.ch\/index.php?rest_route=\/wp\/v2\/pages\/3380\/revisions"}],"predecessor-version":[{"id":3492,"href":"https:\/\/horni-ballonfahrten.ch\/index.php?rest_route=\/wp\/v2\/pages\/3380\/revisions\/3492"}],"wp:featuredmedia":[{"embeddable":true,"href":"https:\/\/horni-ballonfahrten.ch\/index.php?rest_route=\/wp\/v2\/media\/3478"}],"wp:attachment":[{"href":"https:\/\/horni-ballonfahrten.ch\/index.php?rest_route=%2Fwp%2Fv2%2Fmedia&parent=3380"}],"curies":[{"name":"wp","href":"https:\/\/api.w.org\/{rel}","templated":true}]}}