{"id":4,"date":"2014-05-10T16:14:41","date_gmt":"2014-05-10T14:14:41","guid":{"rendered":"http:\/\/horni-ballonfahrten.ch\/Wordpress\/?page_id=4"},"modified":"2019-08-11T18:56:37","modified_gmt":"2019-08-11T16:56:37","slug":"home","status":"publish","type":"page","link":"https:\/\/horni-ballonfahrten.ch\/","title":{"rendered":"Herzlich Willkommen"},"content":{"rendered":"<h2>Erf\u00fcllen Sie sich einen Traum<\/h2>\n<p style=\"text-align: justify;\">Auf die Welt niederblicken aus dem Ballonkorb ist etwas vom sch\u00f6nsten, was die Aviatik zu bieten hat.\u00a0Ohne Motorenger\u00e4usche und ohne Scheibe vor der Nase, l\u00e4sst sich dieses romantische Abenteuer wunderbar geniessen.<\/p>\n<p style=\"text-align: justify;\">Die Schweiz bietet dabei f\u00fcr den Ballonsport eine einzigartige Kulisse. Sei es bei einer Fahrt \u00fcber den Jura mit seinen gr\u00fcnen H\u00fcgeln oder im Emmental vor dem Panorama der Alpen. Mit Sicherheit ist die Kr\u00f6nung eine Alpenfahrt im Winter \u00fcber den frisch verschneiten Bergen.<\/p>\n<figure id=\"attachment_4690\" aria-describedby=\"caption-attachment-4690\" style=\"width: 474px\" class=\"wp-caption aligncenter\"><a href=\"http:\/\/horni-ballonfahrten.ch\/wp-content\/uploads\/2019\/08\/Bild-5.2.jpg\"><img loading=\"lazy\" decoding=\"async\" class=\"wp-image-4690 size-large\" title=\"Miini Region Ballon\" src=\"http:\/\/horni-ballonfahrten.ch\/wp-content\/uploads\/2019\/08\/Bild-5.2-1024x740.jpg\" alt=\"\" width=\"474\" height=\"343\" srcset=\"https:\/\/horni-ballonfahrten.ch\/wp-content\/uploads\/2019\/08\/Bild-5.2.jpg 1024w, https:\/\/horni-ballonfahrten.ch\/wp-content\/uploads\/2019\/08\/Bild-5.2-300x217.jpg 300w, https:\/\/horni-ballonfahrten.ch\/wp-content\/uploads\/2019\/08\/Bild-5.2-768x555.jpg 768w\" sizes=\"auto, (max-width: 474px) 100vw, 474px\" \/><\/a><figcaption id=\"caption-attachment-4690\" class=\"wp-caption-text\">Miini Region Ballon<\/figcaption><\/figure>\n","protected":false},"excerpt":{"rendered":"<p>Erf\u00fcllen Sie sich einen Traum Auf die Welt niederblicken aus dem Ballonkorb ist etwas vom sch\u00f6nsten, was die Aviatik zu bieten hat.\u00a0Ohne Motorenger\u00e4usche und ohne Scheibe vor der Nase, l\u00e4sst sich dieses romantische Abenteuer wunderbar geniessen. Die Schweiz bietet dabei f\u00fcr den Ballonsport eine einzigartige Kulisse. Sei es bei einer Fahrt \u00fcber den Jura mit &hellip; <a href=\"https:\/\/horni-ballonfahrten.ch\/\" class=\"more-link\"><span class=\"screen-reader-text\">Herzlich Willkommen<\/span> weiterlesen <span class=\"meta-nav\">&rarr;<\/span><\/a><\/p>\n","protected":false},"author":1,"featured_media":0,"parent":0,"menu_order":0,"comment_status":"closed","ping_status":"closed","template":"","meta":{"footnotes":""},"class_list":["post-4","page","type-page","status-publish","hentry","gallery-content-unit"],"yoast_head":"<!-- This site is optimized with the Yoast SEO plugin v25.8 - https:\/\/yoast.com\/wordpress\/plugins\/seo\/ -->\n<title>Herzlich Willkommen - Horni Ballonfahrten GmbH<\/title>\n<meta name=\"robots\" content=\"index, follow, max-snippet:-1, max-image-preview:large, max-video-preview:-1\" \/>\n<link rel=\"canonical\" href=\"https:\/\/horni-ballonfahrten.ch\/\" \/>\n<meta property=\"og:locale\" content=\"de_DE\" \/>\n<meta property=\"og:type\" content=\"article\" \/>\n<meta property=\"og:title\" content=\"Herzlich Willkommen - Horni Ballonfahrten GmbH\" \/>\n<meta property=\"og:description\" content=\"Erf\u00fcllen Sie sich einen Traum Auf die Welt niederblicken aus dem Ballonkorb ist etwas vom sch\u00f6nsten, was die Aviatik zu bieten hat.\u00a0Ohne Motorenger\u00e4usche und ohne Scheibe vor der Nase, l\u00e4sst sich dieses romantische Abenteuer wunderbar geniessen. Die Schweiz bietet dabei f\u00fcr den Ballonsport eine einzigartige Kulisse. Sei es bei einer Fahrt \u00fcber den Jura mit &hellip; Herzlich Willkommen weiterlesen &rarr;\" \/>\n<meta property=\"og:url\" content=\"https:\/\/horni-ballonfahrten.ch\/\" \/>\n<meta property=\"og:site_name\" content=\"Horni Ballonfahrten GmbH\" \/>\n<meta property=\"article:modified_time\" content=\"2019-08-11T16:56:37+00:00\" \/>\n<meta property=\"og:image\" content=\"http:\/\/horni-ballonfahrten.ch\/wp-content\/uploads\/2019\/08\/Bild-5.2-1024x740.jpg\" \/>\n<meta name=\"twitter:card\" content=\"summary_large_image\" \/>\n<script type=\"application\/ld+json\" class=\"yoast-schema-graph\">{\"@context\":\"https:\/\/schema.org\",\"@graph\":[{\"@type\":\"WebPage\",\"@id\":\"https:\/\/horni-ballonfahrten.ch\/\",\"url\":\"https:\/\/horni-ballonfahrten.ch\/\",\"name\":\"Herzlich Willkommen - Horni Ballonfahrten GmbH\",\"isPartOf\":{\"@id\":\"https:\/\/horni-ballonfahrten.ch\/#website\"},\"primaryImageOfPage\":{\"@id\":\"https:\/\/horni-ballonfahrten.ch\/#primaryimage\"},\"image\":{\"@id\":\"https:\/\/horni-ballonfahrten.ch\/#primaryimage\"},\"thumbnailUrl\":\"http:\/\/horni-ballonfahrten.ch\/wp-content\/uploads\/2019\/08\/Bild-5.2-1024x740.jpg\",\"datePublished\":\"2014-05-10T14:14:41+00:00\",\"dateModified\":\"2019-08-11T16:56:37+00:00\",\"breadcrumb\":{\"@id\":\"https:\/\/horni-ballonfahrten.ch\/#breadcrumb\"},\"inLanguage\":\"de\",\"potentialAction\":[{\"@type\":\"ReadAction\",\"target\":[\"https:\/\/horni-ballonfahrten.ch\/\"]}]},{\"@type\":\"ImageObject\",\"inLanguage\":\"de\",\"@id\":\"https:\/\/horni-ballonfahrten.ch\/#primaryimage\",\"url\":\"http:\/\/horni-ballonfahrten.ch\/wp-content\/uploads\/2019\/08\/Bild-5.2-1024x740.jpg\",\"contentUrl\":\"http:\/\/horni-ballonfahrten.ch\/wp-content\/uploads\/2019\/08\/Bild-5.2-1024x740.jpg\"},{\"@type\":\"BreadcrumbList\",\"@id\":\"https:\/\/horni-ballonfahrten.ch\/#breadcrumb\",\"itemListElement\":[{\"@type\":\"ListItem\",\"position\":1,\"name\":\"Startseite\",\"item\":\"https:\/\/horni-ballonfahrten.ch\/\"},{\"@type\":\"ListItem\",\"position\":2,\"name\":\"Herzlich Willkommen\"}]},{\"@type\":\"WebSite\",\"@id\":\"https:\/\/horni-ballonfahrten.ch\/#website\",\"url\":\"https:\/\/horni-ballonfahrten.ch\/\",\"name\":\"Horni Ballonfahrten GmbH\",\"description\":\"\",\"potentialAction\":[{\"@type\":\"SearchAction\",\"target\":{\"@type\":\"EntryPoint\",\"urlTemplate\":\"https:\/\/horni-ballonfahrten.ch\/?s={search_term_string}\"},\"query-input\":{\"@type\":\"PropertyValueSpecification\",\"valueRequired\":true,\"valueName\":\"search_term_string\"}}],\"inLanguage\":\"de\"}]}<\/script>\n<!-- \/ Yoast SEO plugin. -->","yoast_head_json":{"title":"Herzlich Willkommen - Horni Ballonfahrten GmbH","robots":{"index":"index","follow":"follow","max-snippet":"max-snippet:-1","max-image-preview":"max-image-preview:large","max-video-preview":"max-video-preview:-1"},"canonical":"https:\/\/horni-ballonfahrten.ch\/","og_locale":"de_DE","og_type":"article","og_title":"Herzlich Willkommen - Horni Ballonfahrten GmbH","og_description":"Erf\u00fcllen Sie sich einen Traum Auf die Welt niederblicken aus dem Ballonkorb ist etwas vom sch\u00f6nsten, was die Aviatik zu bieten hat.\u00a0Ohne Motorenger\u00e4usche und ohne Scheibe vor der Nase, l\u00e4sst sich dieses romantische Abenteuer wunderbar geniessen. Die Schweiz bietet dabei f\u00fcr den Ballonsport eine einzigartige Kulisse. Sei es bei einer Fahrt \u00fcber den Jura mit &hellip; Herzlich Willkommen weiterlesen &rarr;","og_url":"https:\/\/horni-ballonfahrten.ch\/","og_site_name":"Horni Ballonfahrten GmbH","article_modified_time":"2019-08-11T16:56:37+00:00","og_image":[{"url":"http:\/\/horni-ballonfahrten.ch\/wp-content\/uploads\/2019\/08\/Bild-5.2-1024x740.jpg","type":"","width":"","height":""}],"twitter_card":"summary_large_image","schema":{"@context":"https:\/\/schema.org","@graph":[{"@type":"WebPage","@id":"https:\/\/horni-ballonfahrten.ch\/","url":"https:\/\/horni-ballonfahrten.ch\/","name":"Herzlich Willkommen - Horni Ballonfahrten GmbH","isPartOf":{"@id":"https:\/\/horni-ballonfahrten.ch\/#website"},"primaryImageOfPage":{"@id":"https:\/\/horni-ballonfahrten.ch\/#primaryimage"},"image":{"@id":"https:\/\/horni-ballonfahrten.ch\/#primaryimage"},"thumbnailUrl":"http:\/\/horni-ballonfahrten.ch\/wp-content\/uploads\/2019\/08\/Bild-5.2-1024x740.jpg","datePublished":"2014-05-10T14:14:41+00:00","dateModified":"2019-08-11T16:56:37+00:00","breadcrumb":{"@id":"https:\/\/horni-ballonfahrten.ch\/#breadcrumb"},"inLanguage":"de","potentialAction":[{"@type":"ReadAction","target":["https:\/\/horni-ballonfahrten.ch\/"]}]},{"@type":"ImageObject","inLanguage":"de","@id":"https:\/\/horni-ballonfahrten.ch\/#primaryimage","url":"http:\/\/horni-ballonfahrten.ch\/wp-content\/uploads\/2019\/08\/Bild-5.2-1024x740.jpg","contentUrl":"http:\/\/horni-ballonfahrten.ch\/wp-content\/uploads\/2019\/08\/Bild-5.2-1024x740.jpg"},{"@type":"BreadcrumbList","@id":"https:\/\/horni-ballonfahrten.ch\/#breadcrumb","itemListElement":[{"@type":"ListItem","position":1,"name":"Startseite","item":"https:\/\/horni-ballonfahrten.ch\/"},{"@type":"ListItem","position":2,"name":"Herzlich Willkommen"}]},{"@type":"WebSite","@id":"https:\/\/horni-ballonfahrten.ch\/#website","url":"https:\/\/horni-ballonfahrten.ch\/","name":"Horni Ballonfahrten GmbH","description":"","potentialAction":[{"@type":"SearchAction","target":{"@type":"EntryPoint","urlTemplate":"https:\/\/horni-ballonfahrten.ch\/?s={search_term_string}"},"query-input":{"@type":"PropertyValueSpecification","valueRequired":true,"valueName":"search_term_string"}}],"inLanguage":"de"}]}},"_links":{"self":[{"href":"https:\/\/horni-ballonfahrten.ch\/index.php?rest_route=\/wp\/v2\/pages\/4","targetHints":{"allow":["GET"]}}],"collection":[{"href":"https:\/\/horni-ballonfahrten.ch\/index.php?rest_route=\/wp\/v2\/pages"}],"about":[{"href":"https:\/\/horni-ballonfahrten.ch\/index.php?rest_route=\/wp\/v2\/types\/page"}],"author":[{"embeddable":true,"href":"https:\/\/horni-ballonfahrten.ch\/index.php?rest_route=\/wp\/v2\/users\/1"}],"replies":[{"embeddable":true,"href":"https:\/\/horni-ballonfahrten.ch\/index.php?rest_route=%2Fwp%2Fv2%2Fcomments&post=4"}],"version-history":[{"count":11,"href":"https:\/\/horni-ballonfahrten.ch\/index.php?rest_route=\/wp\/v2\/pages\/4\/revisions"}],"predecessor-version":[{"id":4811,"href":"https:\/\/horni-ballonfahrten.ch\/index.php?rest_route=\/wp\/v2\/pages\/4\/revisions\/4811"}],"wp:attachment":[{"href":"https:\/\/horni-ballonfahrten.ch\/index.php?rest_route=%2Fwp%2Fv2%2Fmedia&parent=4"}],"curies":[{"name":"wp","href":"https:\/\/api.w.org\/{rel}","templated":true}]}}